{"id":483,"date":"2020-04-20T15:36:19","date_gmt":"2020-04-20T15:36:19","guid":{"rendered":"https:\/\/www.trescal.com\/be\/?page_id=483"},"modified":"2020-09-18T09:57:21","modified_gmt":"2020-09-18T09:57:21","slug":"jobs","status":"publish","type":"page","link":"https:\/\/www.trescal.nl\/en\/careers\/jobs\/","title":{"rendered":"Jobs"},"content":{"rendered":"\n<div class=\"wp-block-columns alignfull is-layout-flex wp-container-core-columns-is-layout-9d6595d7 wp-block-columns-is-layout-flex\">\n<div class=\"wp-block-column is-layout-flow wp-block-column-is-layout-flow\" style=\"flex-basis:66.66%\">\n<h3 class=\"wp-block-heading\">Search for a position.<\/h3>\n\n\n\n<p>See all our job and internship offers here, and if you have any questions,<\/p>\n\n\n\n<div class=\"wp-block-buttons is-layout-flex wp-block-buttons-is-layout-flex\">\n<div class=\"wp-block-button is-style-outline is-style-outline--1\"><a class=\"wp-block-button__link\" href=\"\/#continent\">Contact us!<\/a><\/div>\n<\/div>\n<\/div>\n\n\n\n<div class=\"wp-block-column is-layout-flow wp-block-column-is-layout-flow\" style=\"flex-basis:33.33%\"><\/div>\n<\/div>\n\n\n<div class=\"wp-block-jobs\">\n  <div class=\"inner\">\n    <div class=\" filter\">\n\n      <form action=\"https:\/\/www.trescal.nl\/en\/careers\/jobs\/\" method=\"GET\">\n        <div class=\"fields\">\n          \n          <select name=\"ID\" style=\" text-transform: capitalize; \">\n            <option value=\"\" >Select a country<\/option>\n            <option value=\"\">All countries<\/option>\n                            <option  value=\"102164\">Australia<\/option>\n                              <option  value=\"84664\">Austria<\/option>\n                              <option  value=\"84665\">Belgium<\/option>\n                              <option  value=\"84666\">Brazil<\/option>\n                              <option  value=\"84667\">Canada<\/option>\n                              <option  value=\"84656\">China<\/option>\n                              <option  value=\"84668\">Czech Republic<\/option>\n                              <option  value=\"84669\">Denmark<\/option>\n                              <option  value=\"84662\">France<\/option>\n                              <option  value=\"84670\">Germany<\/option>\n                              <option  value=\"1025683\">India<\/option>\n                              <option  value=\"84657\">Ireland<\/option>\n                              <option  value=\"84671\">Italy<\/option>\n                              <option  value=\"84672\">Malaysia<\/option>\n                              <option  value=\"84673\">Mexico<\/option>\n                              <option  value=\"84674\">Morocco<\/option>\n                              <option  value=\"102238\">New Zealand<\/option>\n                              <option  value=\"84658\">Norway<\/option>\n                              <option  value=\"84660\">Portugal<\/option>\n                              <option  value=\"84676\">Romania<\/option>\n                              <option  value=\"84677\">Singapore<\/option>\n                              <option  value=\"84661\">South Korea<\/option>\n                              <option  value=\"84678\">Spain<\/option>\n                              <option  value=\"84679\">Sweden<\/option>\n                              <option  value=\"84680\">Switzerland<\/option>\n                              <option  value=\"84659\">Thailand<\/option>\n                              <option  value=\"84675\">The Netherlands<\/option>\n                              <option  value=\"84681\">Tunisia<\/option>\n                              <option  value=\"84682\">United Kingdom<\/option>\n                              <option  value=\"84683\">United States<\/option>\n                        <\/select>\n          <select name=\"category\">\n            <option value=\"\">Select job category<\/option>\n            <option value=\"\">All categories<\/option>\n                            <option  value=\"customer-service-relations-2\">\u2022 Customer Service Relations<\/option>\n                              <option  value=\"logistic-driver\">\u2022 Logistic \/ Driver<\/option>\n                              <option  value=\"logistique-agent-de-liaison\">\u2022 Logistique \/ agent de liaison<\/option>\n                              <option  value=\"relations-clients\">\u2022 Relations Clients<\/option>\n                              <option  value=\"technician-engineer\">\u2022 Technician &amp; Engineer<\/option>\n                              <option  value=\"technicien-ingenieur\">\u2022 Technicien &amp; Ing\u00e9nieur<\/option>\n                              <option  value=\"achat\">Achat<\/option>\n                              <option  value=\"administrative-2\">Administrative<\/option>\n                              <option  value=\"it-3\">IT<\/option>\n                              <option  value=\"laboratory-2\">Laboratory<\/option>\n                              <option  value=\"management\">Management<\/option>\n                              <option  value=\"others\">Others<\/option>\n                              <option  value=\"quality\">Quality<\/option>\n                              <option  value=\"sales-2\">Sales<\/option>\n                        <\/select>\n        <\/div>\n        <div class=\"cta\">\n                    <button type=\"submit\">search<\/button>\n          <button type=\"reset\"  > reset filter <\/button>\n        <\/div>\n      <\/form>\n    <\/div>\n          <div class=\"jobs\">\n                          <div class=\"card country-84678 post-1029112\">\n                    <span>Arganda del Rey\/Madrid\/ Spain<\/span>\n                    <h3>SOPORTE A DEPARTAMENTO LOG\u00cdSTICA J\u00daNIOR (San Blas-Canillejas\/Madrid)<\/h3>\n                    <p>April 17, 2026  &#8211; Abrimos proceso de selecci\u00f3n para personal de soporte al departamento de log\u00edstica con inter\u00e9s en desarrollarse dentro del \u00e1rea [&#8230;]<\/p>\n                    <a class=\"icon-arrow-bottom-right-round\" target=\"_blank\" href=\"https:\/\/www.trescal.es\/jobs\/spain\/soporte-a-departamento-logistica-junior-san-blas-canillejas-madrid\/\"><\/a>\n                  <\/div>\n                                  <div class=\"card country-84678 post-1029111\">\n                    <span>Sant Cugat\/Barcelona\/ Spain<\/span>\n                    <h3>PERSONAL T\u00c9CNICO DOCUMENTACI\u00d3N EN CUALIFICACIONES (Sant Cugat\/Barcelona)<\/h3>\n                    <p>April 17, 2026  &#8211; Personal para formar parte del Grupo Trescal en el puesto de T\u00e9cnico de documentaci\u00f3n y Cualificaci\u00f3n en nuestra oficina en Sant [&#8230;]<\/p>\n                    <a class=\"icon-arrow-bottom-right-round\" target=\"_blank\" href=\"https:\/\/www.trescal.es\/jobs\/spain\/personal-tecnico-documentacion-en-cualificaciones-sant-cugat-barcelona\/\"><\/a>\n                  <\/div>\n                                  <div class=\"card country-84678 post-1029110\">\n                    <span>Girona\/Catalu\u00f1a\/ Spain<\/span>\n                    <h3>PERSONAL T\u00c9CNICO DE CALIBRACIONES IN SITU JUNIOR (GIRONA)<\/h3>\n                    <p>April 17, 2026  &#8211; Para reforzar el \u00e1rea de t\u00e9cnica, estamos seleccionando persona t\u00e9cnico para trabajo in situ, para contribuir activamente al \u00e1re [&#8230;]<\/p>\n                    <a class=\"icon-arrow-bottom-right-round\" target=\"_blank\" href=\"https:\/\/www.trescal.es\/jobs\/spain\/personal-tecnico-de-calibraciones-in-situ-junior-girona-2\/\"><\/a>\n                  <\/div>\n                                  <div class=\"card country-84670 post-1028734\">\n                    <span>remote, Germany<\/span>\n                    <h3>Business Developer Region Ostdeutschland (m\/w\/d)<\/h3>\n                    <p>April 13, 2026  &#8211; Sind Sie ein strategischer Netzwerker mit dem Drive, neue M\u00e4rkte zu erschlie\u00dfen?<\/p>\n                    <a class=\"icon-arrow-bottom-right-round\" target=\"_blank\" href=\"https:\/\/www.trescal.de\/jobs\/germany\/business-developer-region-ostdeutschland-m-w-d\/\"><\/a>\n                  <\/div>\n                                  <div class=\"card country-84670 post-1028723\">\n                    <span>remote, Germany<\/span>\n                    <h3>Business Developer Region Norddeutschland (m\/w\/d)<\/h3>\n                    <p>April 10, 2026  &#8211; Sind Sie ein strategischer Netzwerker mit dem Drive, neue M\u00e4rkte zu erschlie\u00dfen?<\/p>\n                    <a class=\"icon-arrow-bottom-right-round\" target=\"_blank\" href=\"https:\/\/www.trescal.de\/jobs\/germany\/business-developer-region-nord-ost-deutschland-m-w-d\/\"><\/a>\n                  <\/div>\n                                  <div class=\"card country-84670 post-1028721\">\n                    <span>Germany\/ Austria \/ Czech Republic<\/span>\n                    <h3>Key Account Manager GER\/AT\/CZ (m\/f\/d)<\/h3>\n                    <p>April 10, 2026  &#8211; Your customers are what drive you. If that sounds like you, then the Trescal team is the perfect fit.<\/p>\n                    <a class=\"icon-arrow-bottom-right-round\" target=\"_blank\" href=\"https:\/\/www.trescal.de\/en\/jobs\/germany\/key-account-manager-ger-at-cz-m-f-d\/\"><\/a>\n                  <\/div>\n                      <\/div>\n        <div class=\" pagination\">\n      <span aria-current=\"page\" class=\"page-numbers current\">1<\/span>\n<a class=\"page-numbers\" href=\"https:\/\/www.trescal.nl\/en\/wp-json\/wp\/v2\/pages\/483\/page\/2\/\">2<\/a>\n<span class=\"page-numbers dots\">&hellip;<\/span>\n<a class=\"page-numbers\" href=\"https:\/\/www.trescal.nl\/en\/wp-json\/wp\/v2\/pages\/483\/page\/9\/\">9<\/a>\n<a class=\"page-numbers\" href=\"https:\/\/www.trescal.nl\/en\/wp-json\/wp\/v2\/pages\/483\/page\/10\/\">10<\/a>\n<a class=\"next page-numbers\" href=\"https:\/\/www.trescal.nl\/en\/wp-json\/wp\/v2\/pages\/483\/page\/2\/\">><\/a>    <\/div>\n  <\/div>\n<\/div>\n\n\n<div class=\"wp-block-link \">\n  <h2>Can\u2019t see a job to suit you? <br>Leave us your contact details!<\/h2>\n      <p>Our rapidly growing Group regularly opens up new positions, which is why we are constantly looking for new talents. So don\u2019t hesitate to leave your contact details and CV with us, and if a position matches your profile, we will contact you.<\/p>\n        <a class=\"btn-cut-secondary icon-arrow-right-round\" href=\"#apply\">Upload my CV and contact details.<\/a>\n      <\/div>\n\n\n\n<div class=\"wp-block-cover aligncenter lazyload\" style=\"background-image:inherit;background-position:50% 28%\" data-bg-image=\"url(http:\/\/www.trescal.com\/nl\/wp-content\/uploads\/sites\/78\/2020\/08\/trescal_jobs_rejoignez_nous.jpg)\"><div class=\"wp-block-cover__inner-container is-layout-flow wp-block-cover-is-layout-flow\">\n<p class=\"has-text-align-center has-large-font-size\"><\/p>\n<\/div><\/div>\n","protected":false},"excerpt":{"rendered":"Search for a position. See all our job and internship offers here, and if you have any questions,","protected":false},"author":1,"featured_media":4888,"parent":477,"menu_order":0,"comment_status":"closed","ping_status":"closed","template":"","meta":{"_acf_changed":false,"inline_featured_image":false,"footnotes":""},"class_list":["post-483","page","type-page","status-publish","has-post-thumbnail","hentry"],"acf":[],"yoast_head":"<!-- This site is optimized with the Yoast SEO plugin v27.4 - https:\/\/yoast.com\/product\/yoast-seo-wordpress\/ -->\n<title>Jobs - Nederland<\/title>\n<meta name=\"robots\" content=\"index, follow, max-snippet:-1, max-image-preview:large, max-video-preview:-1\" \/>\n<link rel=\"canonical\" href=\"https:\/\/www.trescal.nl\/en\/careers\/jobs\/\" \/>\n<meta property=\"og:locale\" content=\"en_US\" \/>\n<meta property=\"og:type\" content=\"article\" \/>\n<meta property=\"og:title\" content=\"Jobs - Nederland\" \/>\n<meta property=\"og:description\" content=\"Search for a position. See all our job and internship offers here, and if you have any questions,\" \/>\n<meta property=\"og:url\" content=\"https:\/\/www.trescal.nl\/en\/careers\/jobs\/\" \/>\n<meta property=\"og:site_name\" content=\"Nederland\" \/>\n<meta property=\"article:modified_time\" content=\"2020-09-18T09:57:21+00:00\" \/>\n<meta property=\"og:image\" content=\"https:\/\/www.trescal.nl\/wp-content\/uploads\/sites\/78\/2020\/09\/trescal_jobs_envolez_vous_3-1.jpg\" \/>\n\t<meta property=\"og:image:width\" content=\"1920\" \/>\n\t<meta property=\"og:image:height\" content=\"500\" \/>\n\t<meta property=\"og:image:type\" content=\"image\/jpeg\" \/>\n<meta name=\"twitter:card\" content=\"summary_large_image\" \/>\n<script type=\"application\/ld+json\" class=\"yoast-schema-graph\">{\"@context\":\"https:\\\/\\\/schema.org\",\"@graph\":[{\"@type\":\"WebPage\",\"@id\":\"https:\\\/\\\/www.trescal.nl\\\/en\\\/careers\\\/jobs\\\/\",\"url\":\"https:\\\/\\\/www.trescal.nl\\\/en\\\/careers\\\/jobs\\\/\",\"name\":\"Jobs - Nederland\",\"isPartOf\":{\"@id\":\"https:\\\/\\\/www.trescal.nl\\\/en\\\/#website\"},\"primaryImageOfPage\":{\"@id\":\"https:\\\/\\\/www.trescal.nl\\\/en\\\/careers\\\/jobs\\\/#primaryimage\"},\"image\":{\"@id\":\"https:\\\/\\\/www.trescal.nl\\\/en\\\/careers\\\/jobs\\\/#primaryimage\"},\"thumbnailUrl\":\"https:\\\/\\\/www.trescal.nl\\\/wp-content\\\/uploads\\\/sites\\\/78\\\/2020\\\/09\\\/trescal_jobs_envolez_vous_3-1.jpg\",\"datePublished\":\"2020-04-20T15:36:19+00:00\",\"dateModified\":\"2020-09-18T09:57:21+00:00\",\"breadcrumb\":{\"@id\":\"https:\\\/\\\/www.trescal.nl\\\/en\\\/careers\\\/jobs\\\/#breadcrumb\"},\"inLanguage\":\"en-US\",\"potentialAction\":[{\"@type\":\"ReadAction\",\"target\":[\"https:\\\/\\\/www.trescal.nl\\\/en\\\/careers\\\/jobs\\\/\"]}]},{\"@type\":\"ImageObject\",\"inLanguage\":\"en-US\",\"@id\":\"https:\\\/\\\/www.trescal.nl\\\/en\\\/careers\\\/jobs\\\/#primaryimage\",\"url\":\"https:\\\/\\\/www.trescal.nl\\\/wp-content\\\/uploads\\\/sites\\\/78\\\/2020\\\/09\\\/trescal_jobs_envolez_vous_3-1.jpg\",\"contentUrl\":\"https:\\\/\\\/www.trescal.nl\\\/wp-content\\\/uploads\\\/sites\\\/78\\\/2020\\\/09\\\/trescal_jobs_envolez_vous_3-1.jpg\",\"width\":1920,\"height\":500},{\"@type\":\"BreadcrumbList\",\"@id\":\"https:\\\/\\\/www.trescal.nl\\\/en\\\/careers\\\/jobs\\\/#breadcrumb\",\"itemListElement\":[{\"@type\":\"ListItem\",\"position\":1,\"name\":\"Careers\",\"item\":\"https:\\\/\\\/www.trescal.nl\\\/en\\\/careers\\\/\"},{\"@type\":\"ListItem\",\"position\":2,\"name\":\"Jobs\"}]},{\"@type\":\"WebSite\",\"@id\":\"https:\\\/\\\/www.trescal.nl\\\/en\\\/#website\",\"url\":\"https:\\\/\\\/www.trescal.nl\\\/en\\\/\",\"name\":\"Nederland\",\"description\":\"| calibration solutions to improve your performance |\",\"potentialAction\":[{\"@type\":\"SearchAction\",\"target\":{\"@type\":\"EntryPoint\",\"urlTemplate\":\"https:\\\/\\\/www.trescal.nl\\\/en\\\/?s={search_term_string}\"},\"query-input\":{\"@type\":\"PropertyValueSpecification\",\"valueRequired\":true,\"valueName\":\"search_term_string\"}}],\"inLanguage\":\"en-US\"}]}<\/script>\n<!-- \/ Yoast SEO plugin. -->","yoast_head_json":{"title":"Jobs - Nederland","robots":{"index":"index","follow":"follow","max-snippet":"max-snippet:-1","max-image-preview":"max-image-preview:large","max-video-preview":"max-video-preview:-1"},"canonical":"https:\/\/www.trescal.nl\/en\/careers\/jobs\/","og_locale":"en_US","og_type":"article","og_title":"Jobs - Nederland","og_description":"Search for a position. See all our job and internship offers here, and if you have any questions,","og_url":"https:\/\/www.trescal.nl\/en\/careers\/jobs\/","og_site_name":"Nederland","article_modified_time":"2020-09-18T09:57:21+00:00","og_image":[{"width":1920,"height":500,"url":"https:\/\/www.trescal.nl\/wp-content\/uploads\/sites\/78\/2020\/09\/trescal_jobs_envolez_vous_3-1.jpg","type":"image\/jpeg"}],"twitter_card":"summary_large_image","schema":{"@context":"https:\/\/schema.org","@graph":[{"@type":"WebPage","@id":"https:\/\/www.trescal.nl\/en\/careers\/jobs\/","url":"https:\/\/www.trescal.nl\/en\/careers\/jobs\/","name":"Jobs - Nederland","isPartOf":{"@id":"https:\/\/www.trescal.nl\/en\/#website"},"primaryImageOfPage":{"@id":"https:\/\/www.trescal.nl\/en\/careers\/jobs\/#primaryimage"},"image":{"@id":"https:\/\/www.trescal.nl\/en\/careers\/jobs\/#primaryimage"},"thumbnailUrl":"https:\/\/www.trescal.nl\/wp-content\/uploads\/sites\/78\/2020\/09\/trescal_jobs_envolez_vous_3-1.jpg","datePublished":"2020-04-20T15:36:19+00:00","dateModified":"2020-09-18T09:57:21+00:00","breadcrumb":{"@id":"https:\/\/www.trescal.nl\/en\/careers\/jobs\/#breadcrumb"},"inLanguage":"en-US","potentialAction":[{"@type":"ReadAction","target":["https:\/\/www.trescal.nl\/en\/careers\/jobs\/"]}]},{"@type":"ImageObject","inLanguage":"en-US","@id":"https:\/\/www.trescal.nl\/en\/careers\/jobs\/#primaryimage","url":"https:\/\/www.trescal.nl\/wp-content\/uploads\/sites\/78\/2020\/09\/trescal_jobs_envolez_vous_3-1.jpg","contentUrl":"https:\/\/www.trescal.nl\/wp-content\/uploads\/sites\/78\/2020\/09\/trescal_jobs_envolez_vous_3-1.jpg","width":1920,"height":500},{"@type":"BreadcrumbList","@id":"https:\/\/www.trescal.nl\/en\/careers\/jobs\/#breadcrumb","itemListElement":[{"@type":"ListItem","position":1,"name":"Careers","item":"https:\/\/www.trescal.nl\/en\/careers\/"},{"@type":"ListItem","position":2,"name":"Jobs"}]},{"@type":"WebSite","@id":"https:\/\/www.trescal.nl\/en\/#website","url":"https:\/\/www.trescal.nl\/en\/","name":"Nederland","description":"| calibration solutions to improve your performance |","potentialAction":[{"@type":"SearchAction","target":{"@type":"EntryPoint","urlTemplate":"https:\/\/www.trescal.nl\/en\/?s={search_term_string}"},"query-input":{"@type":"PropertyValueSpecification","valueRequired":true,"valueName":"search_term_string"}}],"inLanguage":"en-US"}]}},"_links":{"self":[{"href":"https:\/\/www.trescal.nl\/en\/wp-json\/wp\/v2\/pages\/483","targetHints":{"allow":["GET"]}}],"collection":[{"href":"https:\/\/www.trescal.nl\/en\/wp-json\/wp\/v2\/pages"}],"about":[{"href":"https:\/\/www.trescal.nl\/en\/wp-json\/wp\/v2\/types\/page"}],"author":[{"embeddable":true,"href":"https:\/\/www.trescal.nl\/en\/wp-json\/wp\/v2\/users\/1"}],"replies":[{"embeddable":true,"href":"https:\/\/www.trescal.nl\/en\/wp-json\/wp\/v2\/comments?post=483"}],"version-history":[{"count":0,"href":"https:\/\/www.trescal.nl\/en\/wp-json\/wp\/v2\/pages\/483\/revisions"}],"up":[{"embeddable":true,"href":"https:\/\/www.trescal.nl\/en\/wp-json\/wp\/v2\/pages\/477"}],"wp:featuredmedia":[{"embeddable":true,"href":"https:\/\/www.trescal.nl\/en\/wp-json\/wp\/v2\/media\/4888"}],"wp:attachment":[{"href":"https:\/\/www.trescal.nl\/en\/wp-json\/wp\/v2\/media?parent=483"}],"curies":[{"name":"wp","href":"https:\/\/api.w.org\/{rel}","templated":true}]}}